{"id":1968,"date":"2020-09-20T12:46:29","date_gmt":"2020-09-20T10:46:29","guid":{"rendered":"http:\/\/institutbuhara.com\/?page_id=1968"},"modified":"2022-12-30T15:56:34","modified_gmt":"2022-12-30T13:56:34","slug":"ueber-uns-2","status":"publish","type":"page","link":"https:\/\/institutbuhara.de\/?page_id=1968&lang=de","title":{"rendered":"\u00dcber uns"},"content":{"rendered":"\t\t<div data-elementor-type=\"wp-page\" data-elementor-id=\"1968\" class=\"elementor elementor-1968\" data-elementor-settings=\"[]\">\n\t\t\t\t\t\t<div class=\"elementor-inner\">\n\t\t\t\t\t\t\t<div class=\"elementor-section-wrap\">\n\t\t\t\t\t\t\t<section class=\"elementor-section elementor-top-section elementor-element elementor-element-308dfe1f elementor-section-full_width elementor-section-height-default elementor-section-height-default\" data-id=\"308dfe1f\" data-element_type=\"section\">\n\t\t\t\t\t\t<div class=\"elementor-container elementor-column-gap-no\">\n\t\t\t\t\t\t\t<div class=\"elementor-row\">\n\t\t\t\t\t<div class=\"elementor-column elementor-col-100 elementor-top-column elementor-element elementor-element-2d9fea3c\" data-id=\"2d9fea3c\" data-element_type=\"column\">\n\t\t\t<div class=\"elementor-column-wrap elementor-element-populated\">\n\t\t\t\t\t\t\t<div class=\"elementor-widget-wrap\">\n\t\t\t\t\t\t<div class=\"elementor-element elementor-element-2b8fd456 elementor-widget elementor-widget-shortcode\" data-id=\"2b8fd456\" data-element_type=\"widget\" data-widget_type=\"shortcode.default\">\n\t\t\t\t<div class=\"elementor-widget-container\">\n\t\t\t\t\t<div class=\"elementor-shortcode\">\t\t<div data-elementor-type=\"page\" data-elementor-id=\"1970\" class=\"elementor elementor-1970\" data-elementor-settings=\"[]\">\n\t\t\t\t\t\t<div class=\"elementor-inner\">\n\t\t\t\t\t\t\t<div class=\"elementor-section-wrap\">\n\t\t\t\t\t\t\t<section class=\"elementor-section elementor-top-section elementor-element elementor-element-1abf25d3 elementor-section-height-min-height elementor-section-boxed elementor-section-height-default elementor-section-items-middle\" data-id=\"1abf25d3\" data-element_type=\"section\" data-settings=\"{&quot;background_background&quot;:&quot;gradient&quot;,&quot;shape_divider_bottom&quot;:&quot;waves&quot;}\">\n\t\t\t\t\t\t\t<div class=\"elementor-background-overlay\"><\/div>\n\t\t\t\t\t\t<div class=\"elementor-shape elementor-shape-bottom\" data-negative=\"false\">\n\t\t\t<svg xmlns=\"http:\/\/www.w3.org\/2000\/svg\" viewBox=\"0 0 1000 100\" preserveAspectRatio=\"none\">\n\t<path class=\"elementor-shape-fill\" d=\"M421.9,6.5c22.6-2.5,51.5,0.4,75.5,5.3c23.6,4.9,70.9,23.5,100.5,35.7c75.8,32.2,133.7,44.5,192.6,49.7\n\tc23.6,2.1,48.7,3.5,103.4-2.5c54.7-6,106.2-25.6,106.2-25.6V0H0v30.3c0,0,72,32.6,158.4,30.5c39.2-0.7,92.8-6.7,134-22.4\n\tc21.2-8.1,52.2-18.2,79.7-24.2C399.3,7.9,411.6,7.5,421.9,6.5z\"\/>\n<\/svg>\t\t<\/div>\n\t\t\t\t\t<div class=\"elementor-container elementor-column-gap-default\">\n\t\t\t\t\t\t\t<div class=\"elementor-row\">\n\t\t\t\t\t<div class=\"elementor-column elementor-col-100 elementor-top-column elementor-element elementor-element-2aa7f36b\" data-id=\"2aa7f36b\" data-element_type=\"column\">\n\t\t\t<div class=\"elementor-column-wrap elementor-element-populated\">\n\t\t\t\t\t\t\t<div class=\"elementor-widget-wrap\">\n\t\t\t\t\t\t<div class=\"elementor-element elementor-element-19c7b370 elementor-widget elementor-widget-heading\" data-id=\"19c7b370\" data-element_type=\"widget\" data-widget_type=\"heading.default\">\n\t\t\t\t<div class=\"elementor-widget-container\">\n\t\t\t<h1 class=\"elementor-heading-title elementor-size-default\">\u00dcber uns\n<\/h1>\t\t<\/div>\n\t\t\t\t<\/div>\n\t\t\t\t<div class=\"elementor-element elementor-element-1b05a677 elementor-widget elementor-widget-heading\" data-id=\"1b05a677\" data-element_type=\"widget\" data-widget_type=\"heading.default\">\n\t\t\t\t<div class=\"elementor-widget-container\">\n\t\t\t<h3 class=\"elementor-heading-title elementor-size-default\">Wir helfen Ihnen gerne weiter\n\n<\/h3>\t\t<\/div>\n\t\t\t\t<\/div>\n\t\t\t\t\t\t<\/div>\n\t\t\t\t\t<\/div>\n\t\t<\/div>\n\t\t\t\t\t\t\t\t<\/div>\n\t\t\t\t\t<\/div>\n\t\t<\/section>\n\t\t\t\t<section class=\"elementor-section elementor-top-section elementor-element elementor-element-1054b0fe elementor-section-height-min-height elementor-section-content-middle elementor-section-boxed elementor-section-height-default elementor-section-items-middle\" data-id=\"1054b0fe\" data-element_type=\"section\" data-settings=\"{&quot;background_background&quot;:&quot;classic&quot;}\">\n\t\t\t\t\t\t<div class=\"elementor-container elementor-column-gap-default\">\n\t\t\t\t\t\t\t<div class=\"elementor-row\">\n\t\t\t\t\t<div class=\"elementor-column elementor-col-100 elementor-top-column elementor-element elementor-element-66c83b28\" data-id=\"66c83b28\" data-element_type=\"column\">\n\t\t\t<div class=\"elementor-column-wrap elementor-element-populated\">\n\t\t\t\t\t\t\t<div class=\"elementor-widget-wrap\">\n\t\t\t\t\t\t<div class=\"elementor-element elementor-element-4de5c34d elementor-widget-divider--view-line elementor-widget elementor-widget-divider\" data-id=\"4de5c34d\" data-element_type=\"widget\" data-widget_type=\"divider.default\">\n\t\t\t\t<div class=\"elementor-widget-container\">\n\t\t\t\t\t<div class=\"elementor-divider\">\n\t\t\t<span class=\"elementor-divider-separator\">\n\t\t\t\t\t\t<\/span>\n\t\t<\/div>\n\t\t\t\t<\/div>\n\t\t\t\t<\/div>\n\t\t\t\t<div class=\"elementor-element elementor-element-2e4de9b2 elementor-widget elementor-widget-heading\" data-id=\"2e4de9b2\" data-element_type=\"widget\" data-widget_type=\"heading.default\">\n\t\t\t\t<div class=\"elementor-widget-container\">\n\t\t\t<h3 class=\"elementor-heading-title elementor-size-large\">\u00dcber uns<\/h3>\t\t<\/div>\n\t\t\t\t<\/div>\n\t\t\t\t<div class=\"elementor-element elementor-element-19863aa8 elementor-widget elementor-widget-text-editor\" data-id=\"19863aa8\" data-element_type=\"widget\" data-widget_type=\"text-editor.default\">\n\t\t\t\t<div class=\"elementor-widget-container\">\n\t\t\t\t\t<div class=\"elementor-text-editor elementor-clearfix\"><p>Die Erg\u00e4nzungsschule f\u00fcr islamische Geistliche ist f\u00fcr die Aufnahme von 60 Sch\u00fclern in der Zeit von 7 Jahren konzipiert worden. Der Beginn des regul\u00e4ren Unterrichtsbetriebes hat mit zwei Schulklassen a` ca. 20 Sch\u00fclern zum 1. Januar 2009 begonnen.\u00a0 Zurzeit sind 51 Sch\u00fcler mit 4 Unterrichtr\u00e4umen und 4 Lehrern besetzt.<\/p><p><strong>Inzwischen hat sich die Sch\u00fclerzahl innerhalb unserer R\u00e4ume soweit vermehrt, dass wir keine weiteren Sch\u00fcler mehr aufnehmen k\u00f6nnen. Aus diesem Grund haben wir Anfang 2018 beschlossen, unseren Rahmenplan von 7 Jahren (ein Vorbereitungsjahr; drei Grundstudium Jahre und drei Hauptstudium Jahre) auf 4 Jahre zu reduzieren. Das bedeutet, dass wir den Fokus auf das Hauptstudium verlegt haben, somit reduziert sich die Ausbildung auf 4 Jahre. <\/strong><\/p><\/div>\n\t\t\t\t<\/div>\n\t\t\t\t<\/div>\n\t\t\t\t\t\t<\/div>\n\t\t\t\t\t<\/div>\n\t\t<\/div>\n\t\t\t\t\t\t\t\t<\/div>\n\t\t\t\t\t<\/div>\n\t\t<\/section>\n\t\t\t\t<section class=\"elementor-section elementor-top-section elementor-element elementor-element-3c3c1cbe elementor-section-height-min-height elementor-section-content-middle elementor-reverse-mobile elementor-hidden-desktop elementor-hidden-tablet elementor-hidden-phone elementor-section-boxed elementor-section-height-default elementor-section-items-middle\" data-id=\"3c3c1cbe\" data-element_type=\"section\" data-settings=\"{&quot;background_background&quot;:&quot;none&quot;}\">\n\t\t\t\t\t\t<div class=\"elementor-container elementor-column-gap-default\">\n\t\t\t\t\t\t\t<div class=\"elementor-row\">\n\t\t\t\t\t<div class=\"elementor-column elementor-col-50 elementor-top-column elementor-element elementor-element-24a16c09\" data-id=\"24a16c09\" data-element_type=\"column\">\n\t\t\t<div class=\"elementor-column-wrap\">\n\t\t\t\t\t\t\t<div class=\"elementor-widget-wrap\">\n\t\t\t\t\t\t\t\t<\/div>\n\t\t\t\t\t<\/div>\n\t\t<\/div>\n\t\t\t\t<div class=\"elementor-column elementor-col-50 elementor-top-column elementor-element elementor-element-7a06ac55\" data-id=\"7a06ac55\" data-element_type=\"column\">\n\t\t\t<div class=\"elementor-column-wrap elementor-element-populated\">\n\t\t\t\t\t\t\t<div class=\"elementor-widget-wrap\">\n\t\t\t\t\t\t<div class=\"elementor-element elementor-element-6b21bf36 elementor-widget-divider--view-line elementor-widget elementor-widget-divider\" data-id=\"6b21bf36\" data-element_type=\"widget\" data-widget_type=\"divider.default\">\n\t\t\t\t<div class=\"elementor-widget-container\">\n\t\t\t\t\t<div class=\"elementor-divider\">\n\t\t\t<span class=\"elementor-divider-separator\">\n\t\t\t\t\t\t<\/span>\n\t\t<\/div>\n\t\t\t\t<\/div>\n\t\t\t\t<\/div>\n\t\t\t\t<div class=\"elementor-element elementor-element-37481ad1 elementor-widget elementor-widget-heading\" data-id=\"37481ad1\" data-element_type=\"widget\" data-widget_type=\"heading.default\">\n\t\t\t\t<div class=\"elementor-widget-container\">\n\t\t\t<h3 class=\"elementor-heading-title elementor-size-large\">Amac\u0131m\u0131z<\/h3>\t\t<\/div>\n\t\t\t\t<\/div>\n\t\t\t\t<div class=\"elementor-element elementor-element-6eb26f65 elementor-widget elementor-widget-text-editor\" data-id=\"6eb26f65\" data-element_type=\"widget\" data-widget_type=\"text-editor.default\">\n\t\t\t\t<div class=\"elementor-widget-container\">\n\t\t\t\t\t<div class=\"elementor-text-editor elementor-clearfix\"><p>1960 l\u0131 y\u0131llarda Avrupaya, \u00f6zellikle Almanyaya gelmi\u015f olan ve aradan ge\u00e7en 60-70 y\u0131ll\u0131k uzun bir aradan sonra sadece Almanyada ya\u015fayan M\u00fcsl\u00fcmanlar\u0131n, takribi n\u00fcfusu 4,5 Milyonu bulmaktad\u0131r. Bu zamana kadar M\u00fcsl\u00fcman toplum ya kendi \u00e7abalar\u0131yla yada son y\u0131llarda, geldikleri devletlerin g\u00f6nderdikleri \u0130mamlarla ibadetlerini bir nisbetde olsun yapmaya gayret vermi\u015fler. Fakat \u015fu eksiklik s\u00fcrekli kendini g\u00f6stermi\u015ftir. M\u00fcsl\u00fcman \u00fclkelerden gelen \u0130mamlar\u0131m\u0131z hem belli bir s\u00fcreyle gelmekteler, buda ortalama 4 y\u0131ld\u0131r, hemde bu k\u0131sa s\u00fcre i\u00e7erisinde dil s\u0131k\u0131nt\u0131s\u0131 \u00e7ekmekteler, geldikleri \u00fclkeye ayak uyduramama s\u0131k\u0131nt\u0131s\u0131 \u00e7ekmekteler. \u0130\u015fte bu y\u00fczdendirki bu arada do\u011fup yeti\u015fen ki\u015filer 40-50 ya\u015flar\u0131n\u0131 bulmu\u015flar, ger\u00e7ek bir dini e\u011fitim alamam\u0131\u015f olarak b\u00fcy\u00fcm\u00fc\u015flerdir. Ve bu halen devam etmektedir. \u0130\u015fte biz asl\u0131m\u0131z olan Semerkand Derne\u011finin kurucu ve \u00fcyeleri bu s\u0131k\u0131nt\u0131lara bir son vermek gayesiyle uzun y\u0131llar kendi \u0130mam\u0131z\u0131 kendimizin yeti\u015ftirmesi gerekti\u011fini bildi\u011fimizden yo\u011fun bir \u00e7al\u0131\u015fmayla, Buhara \u2013 \u00d6zel okulumuzu actik.<\/p><p>Amac\u0131m\u0131z ileride mezun edece\u011fimiz \u0130mamlar\u0131m\u0131z\u0131n, ya\u015fad\u0131klar\u0131 \u00fclkenin dilini ve k\u00fclt\u00fcr\u00fcn\u00fc daha iyi \u00f6\u011frenerek M\u00fcsl\u00fcman karde\u015flerimize daha g\u00fczel hizmet verebilmeleri ve ayr\u0131ca M\u00fcsl\u00fcman olmayan ama i\u00e7 i\u00e7e ya\u015fad\u0131\u011f\u0131m\u0131z gerek Alman arkada\u015f ve \u00e7evremize, gerekse ilgi duyan di\u011fer din mensubu kesimlere dinimizi daha iyi tan\u0131tabilme-anlatabilme \u00f6zelliklerine sahip olmalar\u0131d\u0131r.<\/p><\/div>\n\t\t\t\t<\/div>\n\t\t\t\t<\/div>\n\t\t\t\t\t\t<\/div>\n\t\t\t\t\t<\/div>\n\t\t<\/div>\n\t\t\t\t\t\t\t\t<\/div>\n\t\t\t\t\t<\/div>\n\t\t<\/section>\n\t\t\t\t<section class=\"elementor-section elementor-top-section elementor-element elementor-element-1e4c4884 elementor-section-height-min-height elementor-section-content-middle elementor-section-boxed elementor-section-height-default elementor-section-items-middle\" data-id=\"1e4c4884\" data-element_type=\"section\" data-settings=\"{&quot;background_background&quot;:&quot;classic&quot;}\">\n\t\t\t\t\t\t<div class=\"elementor-container elementor-column-gap-default\">\n\t\t\t\t\t\t\t<div class=\"elementor-row\">\n\t\t\t\t\t<div class=\"elementor-column elementor-col-100 elementor-top-column elementor-element elementor-element-43a75a0a\" data-id=\"43a75a0a\" data-element_type=\"column\">\n\t\t\t<div class=\"elementor-column-wrap elementor-element-populated\">\n\t\t\t\t\t\t\t<div class=\"elementor-widget-wrap\">\n\t\t\t\t\t\t<div class=\"elementor-element elementor-element-49a103d5 elementor-widget-divider--view-line elementor-widget elementor-widget-divider\" data-id=\"49a103d5\" data-element_type=\"widget\" data-widget_type=\"divider.default\">\n\t\t\t\t<div class=\"elementor-widget-container\">\n\t\t\t\t\t<div class=\"elementor-divider\">\n\t\t\t<span class=\"elementor-divider-separator\">\n\t\t\t\t\t\t<\/span>\n\t\t<\/div>\n\t\t\t\t<\/div>\n\t\t\t\t<\/div>\n\t\t\t\t<div class=\"elementor-element elementor-element-2451efe8 elementor-widget elementor-widget-heading\" data-id=\"2451efe8\" data-element_type=\"widget\" data-widget_type=\"heading.default\">\n\t\t\t\t<div class=\"elementor-widget-container\">\n\t\t\t<h3 class=\"elementor-heading-title elementor-size-large\">Rechtsstruktur<\/h3>\t\t<\/div>\n\t\t\t\t<\/div>\n\t\t\t\t<div class=\"elementor-element elementor-element-6ba781e8 elementor-widget elementor-widget-text-editor\" data-id=\"6ba781e8\" data-element_type=\"widget\" data-widget_type=\"text-editor.default\">\n\t\t\t\t<div class=\"elementor-widget-container\">\n\t\t\t\t\t<div class=\"elementor-text-editor elementor-clearfix\"><div id=\"KnM9nf\"><div class=\"DHcWmd\"><div id=\"tw-target\"><div id=\"kAz1tf\" class=\"g9WsWb\"><div id=\"tw-target-text-container\" class=\"tw-ta-container hide-focus-ring tw-nfl\" tabindex=\"0\"><p id=\"tw-target-text\" class=\"tw-data-text tw-text-large XcVN5d tw-ta\" dir=\"ltr\" data-placeholder=\"\u00dcbersetzung\"><span lang=\"de\">Rechtsstruktur<\/span><strong><span lang=\"de\"> und Niederlassung<\/span><\/strong><\/p><\/div><\/div><\/div><\/div><\/div><p>Unser Institut ist am Amtgericht Charlottenburg Berlin, Aktenzeichen VR 22453 B und beim Senatsverwaltung f\u00fcr Bildung, Wissenschaft und Forschung\u00a0 Aktennummer I F 2.2. eingetragen als Erg\u00e4nzungsschule.<\/p><p>1.Vorsitzender <br \/>Yasar Erkan<\/p><p><strong><em>Institut Buhara e.V<\/em><\/strong>.<\/p><p>Wallenstein Str. 22<br \/>10318 Berlin \/ Deutschland<\/p><p>Tel.: 004930 \/ 50014677<\/p><p>www.institutbuhara.com<\/p><p>spende@institutbuhara.com<br \/>info@institutbuhara.com<\/p><p><strong>INSTITUT BUHARA e.V.<\/strong><\/p><p><strong>Kontonummer:<\/strong> 0310010381, BLZ: 10050000 (Berliner Sparkasse)<\/p><p><strong>IBAN:<\/strong> DE66 1005 0000 0310 0103 81 <\/p><p>BIC: BE LA DE BE<\/p><p><strong>Verwendungszweck:<\/strong> SPENDE<\/p><\/div>\n\t\t\t\t<\/div>\n\t\t\t\t<\/div>\n\t\t\t\t\t\t<\/div>\n\t\t\t\t\t<\/div>\n\t\t<\/div>\n\t\t\t\t\t\t\t\t<\/div>\n\t\t\t\t\t<\/div>\n\t\t<\/section>\n\t\t\t\t<section class=\"elementor-section elementor-top-section elementor-element elementor-element-7f588387 elementor-section-boxed elementor-section-height-default elementor-section-height-default\" data-id=\"7f588387\" data-element_type=\"section\" data-settings=\"{&quot;background_background&quot;:&quot;gradient&quot;,&quot;shape_divider_top&quot;:&quot;waves&quot;}\">\n\t\t\t\t\t\t\t<div class=\"elementor-background-overlay\"><\/div>\n\t\t\t\t\t\t<div class=\"elementor-shape elementor-shape-top\" data-negative=\"false\">\n\t\t\t<svg xmlns=\"http:\/\/www.w3.org\/2000\/svg\" viewBox=\"0 0 1000 100\" preserveAspectRatio=\"none\">\n\t<path class=\"elementor-shape-fill\" d=\"M421.9,6.5c22.6-2.5,51.5,0.4,75.5,5.3c23.6,4.9,70.9,23.5,100.5,35.7c75.8,32.2,133.7,44.5,192.6,49.7\n\tc23.6,2.1,48.7,3.5,103.4-2.5c54.7-6,106.2-25.6,106.2-25.6V0H0v30.3c0,0,72,32.6,158.4,30.5c39.2-0.7,92.8-6.7,134-22.4\n\tc21.2-8.1,52.2-18.2,79.7-24.2C399.3,7.9,411.6,7.5,421.9,6.5z\"\/>\n<\/svg>\t\t<\/div>\n\t\t\t\t\t<div class=\"elementor-container elementor-column-gap-default\">\n\t\t\t\t\t\t\t<div class=\"elementor-row\">\n\t\t\t\t\t<div class=\"elementor-column elementor-col-50 elementor-top-column elementor-element elementor-element-295efeb3\" data-id=\"295efeb3\" data-element_type=\"column\">\n\t\t\t<div class=\"elementor-column-wrap elementor-element-populated\">\n\t\t\t\t\t\t\t<div class=\"elementor-widget-wrap\">\n\t\t\t\t\t\t<div class=\"elementor-element elementor-element-591e646f elementor-widget elementor-widget-heading\" data-id=\"591e646f\" data-element_type=\"widget\" data-widget_type=\"heading.default\">\n\t\t\t\t<div class=\"elementor-widget-container\">\n\t\t\t<h4 class=\"elementor-heading-title elementor-size-default\">M\u00f6chten Sie mehr \u00fcber unsere Dienstleistungen erfahren?<\/h4>\t\t<\/div>\n\t\t\t\t<\/div>\n\t\t\t\t<div class=\"elementor-element elementor-element-5d6e494f elementor-widget elementor-widget-heading\" data-id=\"5d6e494f\" data-element_type=\"widget\" data-widget_type=\"heading.default\">\n\t\t\t\t<div class=\"elementor-widget-container\">\n\t\t\t<h2 class=\"elementor-heading-title elementor-size-default\">Lassen Sie uns reden.<\/h2>\t\t<\/div>\n\t\t\t\t<\/div>\n\t\t\t\t\t\t<\/div>\n\t\t\t\t\t<\/div>\n\t\t<\/div>\n\t\t\t\t<div class=\"elementor-column elementor-col-50 elementor-top-column elementor-element elementor-element-a7fd755\" data-id=\"a7fd755\" data-element_type=\"column\">\n\t\t\t<div class=\"elementor-column-wrap elementor-element-populated\">\n\t\t\t\t\t\t\t<div class=\"elementor-widget-wrap\">\n\t\t\t\t\t\t<div class=\"elementor-element elementor-element-5a2eb8ca elementor-widget elementor-widget-image\" data-id=\"5a2eb8ca\" data-element_type=\"widget\" data-settings=\"{&quot;motion_fx_motion_fx_scrolling&quot;:&quot;yes&quot;,&quot;motion_fx_translateY_effect&quot;:&quot;yes&quot;,&quot;motion_fx_translateY_direction&quot;:&quot;negative&quot;,&quot;motion_fx_translateY_speed&quot;:{&quot;unit&quot;:&quot;px&quot;,&quot;size&quot;:&quot;1&quot;,&quot;sizes&quot;:[]},&quot;motion_fx_devices&quot;:[&quot;desktop&quot;,&quot;tablet&quot;],&quot;motion_fx_translateY_affectedRange&quot;:{&quot;unit&quot;:&quot;%&quot;,&quot;size&quot;:&quot;&quot;,&quot;sizes&quot;:{&quot;start&quot;:&quot;0&quot;,&quot;end&quot;:&quot;50&quot;}}}\" data-widget_type=\"image.default\">\n\t\t\t\t<div class=\"elementor-widget-container\">\n\t\t\t\t\t<div class=\"elementor-image\">\n\t\t\t\t\t\t\t\t\t\t<img width=\"1920\" height=\"1279\" src=\"https:\/\/institutbuhara.de\/wp-content\/uploads\/2020\/08\/phone-869669_1920.jpg\" class=\"attachment-full size-full\" alt=\"\" decoding=\"async\" loading=\"lazy\" srcset=\"https:\/\/institutbuhara.de\/wp-content\/uploads\/2020\/08\/phone-869669_1920.jpg 1920w, https:\/\/institutbuhara.de\/wp-content\/uploads\/2020\/08\/phone-869669_1920-300x200.jpg 300w, https:\/\/institutbuhara.de\/wp-content\/uploads\/2020\/08\/phone-869669_1920-1024x682.jpg 1024w, https:\/\/institutbuhara.de\/wp-content\/uploads\/2020\/08\/phone-869669_1920-768x512.jpg 768w, https:\/\/institutbuhara.de\/wp-content\/uploads\/2020\/08\/phone-869669_1920-1536x1023.jpg 1536w\" sizes=\"(max-width: 1920px) 100vw, 1920px\" \/>\t\t\t\t\t\t\t\t\t\t\t<\/div>\n\t\t\t\t<\/div>\n\t\t\t\t<\/div>\n\t\t\t\t\t\t<\/div>\n\t\t\t\t\t<\/div>\n\t\t<\/div>\n\t\t\t\t\t\t\t\t<\/div>\n\t\t\t\t\t<\/div>\n\t\t<\/section>\n\t\t\t\t\t\t<\/div>\n\t\t\t\t\t\t<\/div>\n\t\t\t\t\t<\/div>\n\t\t<\/div>\n\t\t\t\t<\/div>\n\t\t\t\t<\/div>\n\t\t\t\t\t\t<\/div>\n\t\t\t\t\t<\/div>\n\t\t<\/div>\n\t\t\t\t\t\t\t\t<\/div>\n\t\t\t\t\t<\/div>\n\t\t<\/section>\n\t\t\t\t\t\t<\/div>\n\t\t\t\t\t\t<\/div>\n\t\t\t\t\t<\/div>\n\t\t","protected":false},"excerpt":{"rendered":"","protected":false},"author":7,"featured_media":0,"parent":0,"menu_order":0,"comment_status":"closed","ping_status":"closed","template":"elementor_header_footer","meta":[],"aioseo_notices":[],"_links":{"self":[{"href":"https:\/\/institutbuhara.de\/index.php?rest_route=\/wp\/v2\/pages\/1968"}],"collection":[{"href":"https:\/\/institutbuhara.de\/index.php?rest_route=\/wp\/v2\/pages"}],"about":[{"href":"https:\/\/institutbuhara.de\/index.php?rest_route=\/wp\/v2\/types\/page"}],"author":[{"embeddable":true,"href":"https:\/\/institutbuhara.de\/index.php?rest_route=\/wp\/v2\/users\/7"}],"replies":[{"embeddable":true,"href":"https:\/\/institutbuhara.de\/index.php?rest_route=%2Fwp%2Fv2%2Fcomments&post=1968"}],"version-history":[{"count":3,"href":"https:\/\/institutbuhara.de\/index.php?rest_route=\/wp\/v2\/pages\/1968\/revisions"}],"predecessor-version":[{"id":2272,"href":"https:\/\/institutbuhara.de\/index.php?rest_route=\/wp\/v2\/pages\/1968\/revisions\/2272"}],"wp:attachment":[{"href":"https:\/\/institutbuhara.de\/index.php?rest_route=%2Fwp%2Fv2%2Fmedia&parent=1968"}],"curies":[{"name":"wp","href":"https:\/\/api.w.org\/{rel}","templated":true}]}}