{"id":1954,"date":"2020-09-20T06:04:17","date_gmt":"2020-09-20T04:04:17","guid":{"rendered":"http:\/\/institutbuhara.com\/?page_id=1954"},"modified":"2020-09-20T13:22:31","modified_gmt":"2020-09-20T11:22:31","slug":"startseite-2","status":"publish","type":"page","link":"https:\/\/institutbuhara.de\/?page_id=1954&lang=de","title":{"rendered":"Startseite"},"content":{"rendered":"\t\t<div data-elementor-type=\"page\" data-elementor-id=\"1934\" class=\"elementor elementor-1934\" data-elementor-settings=\"[]\">\n\t\t\t\t\t\t<div class=\"elementor-inner\">\n\t\t\t\t\t\t\t<div class=\"elementor-section-wrap\">\n\t\t\t\t\t\t\t<section class=\"elementor-section elementor-top-section elementor-element elementor-element-8eaac32 elementor-section-full_width elementor-section-stretched elementor-section-height-default elementor-section-height-default\" data-id=\"8eaac32\" data-element_type=\"section\" data-settings=\"{&quot;stretch_section&quot;:&quot;section-stretched&quot;}\">\n\t\t\t\t\t\t<div class=\"elementor-container elementor-column-gap-no\">\n\t\t\t\t\t\t\t<div class=\"elementor-row\">\n\t\t\t\t\t<div class=\"elementor-column elementor-col-100 elementor-top-column elementor-element elementor-element-2ed5f83\" data-id=\"2ed5f83\" data-element_type=\"column\">\n\t\t\t<div class=\"elementor-column-wrap elementor-element-populated\">\n\t\t\t\t\t\t\t<div class=\"elementor-widget-wrap\">\n\t\t\t\t\t\t<div class=\"elementor-element elementor-element-7187b39 elementor-widget elementor-widget-text-editor\" data-id=\"7187b39\" data-element_type=\"widget\" data-widget_type=\"text-editor.default\">\n\t\t\t\t<div class=\"elementor-widget-container\">\n\t\t\t\t\t<div class=\"elementor-text-editor elementor-clearfix\"><div class=\"n2_ss_slider_publish__option_code\" dir=\"ltr\" data-mode=\"id\"><\/div><\/div>\n\t\t\t\t<\/div>\n\t\t\t\t<\/div>\n\t\t\t\t\t\t<\/div>\n\t\t\t\t\t<\/div>\n\t\t<\/div>\n\t\t\t\t\t\t\t\t<\/div>\n\t\t\t\t\t<\/div>\n\t\t<\/section>\n\t\t\t\t<section class=\"elementor-section elementor-top-section elementor-element elementor-element-45ed4f1b elementor-section-height-min-height elementor-section-content-middle elementor-section-boxed elementor-section-height-default elementor-section-items-middle\" data-id=\"45ed4f1b\" data-element_type=\"section\" data-settings=\"{&quot;background_background&quot;:&quot;classic&quot;}\">\n\t\t\t\t\t\t<div class=\"elementor-container elementor-column-gap-default\">\n\t\t\t\t\t\t\t<div class=\"elementor-row\">\n\t\t\t\t\t<div class=\"elementor-column elementor-col-50 elementor-top-column elementor-element elementor-element-4a67dec2\" data-id=\"4a67dec2\" data-element_type=\"column\">\n\t\t\t<div class=\"elementor-column-wrap elementor-element-populated\">\n\t\t\t\t\t\t\t<div class=\"elementor-widget-wrap\">\n\t\t\t\t\t\t<div class=\"elementor-element elementor-element-6825ce7f elementor-widget-divider--view-line elementor-widget elementor-widget-divider\" data-id=\"6825ce7f\" data-element_type=\"widget\" data-widget_type=\"divider.default\">\n\t\t\t\t<div class=\"elementor-widget-container\">\n\t\t\t\t\t<div class=\"elementor-divider\">\n\t\t\t<span class=\"elementor-divider-separator\">\n\t\t\t\t\t\t<\/span>\n\t\t<\/div>\n\t\t\t\t<\/div>\n\t\t\t\t<\/div>\n\t\t\t\t<div class=\"elementor-element elementor-element-2b4bf0b1 elementor-widget elementor-widget-heading\" data-id=\"2b4bf0b1\" data-element_type=\"widget\" data-widget_type=\"heading.default\">\n\t\t\t\t<div class=\"elementor-widget-container\">\n\t\t\t<h3 class=\"elementor-heading-title elementor-size-large\">BERL\u0130N BUHARA Institut <\/h3>\t\t<\/div>\n\t\t\t\t<\/div>\n\t\t\t\t<div class=\"elementor-element elementor-element-1f6b6e0a elementor-widget elementor-widget-text-editor\" data-id=\"1f6b6e0a\" data-element_type=\"widget\" data-widget_type=\"text-editor.default\">\n\t\t\t\t<div class=\"elementor-widget-container\">\n\t\t\t\t\t<div class=\"elementor-text-editor elementor-clearfix\"><p>Als Tr\u00e4ger der Erg\u00e4nzungsschule wird der Verein \u201eInstitut Buhara e.V. (IB)\u201c fungieren. Dieser Verein ist aus dem \u201eSah Berlin e.V.\u201c hervorgegangen und wurde extra f\u00fcr den Zweck der Tr\u00e4gerschaft des Schulprojekts gegr\u00fcndet. S\u00e4mtliche Mitglieder des alten Vereins wurden in das IB \u00fcberf\u00fchrt, die Mitgliederzahl bel\u00e4uft sich derzeit auf 350 Personen.<\/p><p>Das IB versteht sich als konfessionell ausgerichteter Verein. Der Gro\u00dfteil unserer Mitglieder ist t\u00fcrkischst\u00e4mmig, seit vielen Jahren in Berlin beheimatet. Diesen Lebensstil und die Verantwortung f\u00fcr die Werte des wahren Islam m\u00f6chte das IB auch den Geistlichen der n\u00e4chsten Generation vermitteln. Das IB legt gro\u00dfen Wert darauf, seinen geistigen Nachwuchs gr\u00fcndlich in den Islamwissenschaften zu unterrichten.<\/p><\/div>\n\t\t\t\t<\/div>\n\t\t\t\t<\/div>\n\t\t\t\t<div class=\"elementor-element elementor-element-4b04156 elementor-widget elementor-widget-button\" data-id=\"4b04156\" data-element_type=\"widget\" data-widget_type=\"button.default\">\n\t\t\t\t<div class=\"elementor-widget-container\">\n\t\t\t\t\t<div class=\"elementor-button-wrapper\">\n\t\t\t<a href=\"https:\/\/institutbuhara.de\/?page_id=1968&#038;lang=de\" class=\"elementor-button-link elementor-button elementor-size-sm\" role=\"button\">\n\t\t\t\t\t\t<span class=\"elementor-button-content-wrapper\">\n\t\t\t\t\t\t<span class=\"elementor-button-text\">Mehr Info<\/span>\n\t\t<\/span>\n\t\t\t\t\t<\/a>\n\t\t<\/div>\n\t\t\t\t<\/div>\n\t\t\t\t<\/div>\n\t\t\t\t\t\t<\/div>\n\t\t\t\t\t<\/div>\n\t\t<\/div>\n\t\t\t\t<div class=\"elementor-column elementor-col-50 elementor-top-column elementor-element elementor-element-639c7966\" data-id=\"639c7966\" data-element_type=\"column\">\n\t\t\t<div class=\"elementor-column-wrap elementor-element-populated\">\n\t\t\t\t\t\t\t<div class=\"elementor-widget-wrap\">\n\t\t\t\t\t\t<div class=\"elementor-element elementor-element-e991f63 elementor-widget elementor-widget-image\" data-id=\"e991f63\" data-element_type=\"widget\" data-widget_type=\"image.default\">\n\t\t\t\t<div class=\"elementor-widget-container\">\n\t\t\t\t\t<div class=\"elementor-image\">\n\t\t\t\t\t\t\t\t\t\t<img width=\"1000\" height=\"1400\" src=\"https:\/\/institutbuhara.de\/wp-content\/uploads\/2019\/05\/homeresim.jpg\" class=\"attachment-full size-full\" alt=\"\" decoding=\"async\" loading=\"lazy\" srcset=\"https:\/\/institutbuhara.de\/wp-content\/uploads\/2019\/05\/homeresim.jpg 1000w, https:\/\/institutbuhara.de\/wp-content\/uploads\/2019\/05\/homeresim-214x300.jpg 214w, https:\/\/institutbuhara.de\/wp-content\/uploads\/2019\/05\/homeresim-768x1075.jpg 768w, https:\/\/institutbuhara.de\/wp-content\/uploads\/2019\/05\/homeresim-731x1024.jpg 731w, https:\/\/institutbuhara.de\/wp-content\/uploads\/2019\/05\/homeresim-200x280.jpg 200w, https:\/\/institutbuhara.de\/wp-content\/uploads\/2019\/05\/homeresim-400x560.jpg 400w, https:\/\/institutbuhara.de\/wp-content\/uploads\/2019\/05\/homeresim-600x840.jpg 600w, https:\/\/institutbuhara.de\/wp-content\/uploads\/2019\/05\/homeresim-800x1120.jpg 800w\" sizes=\"(max-width: 1000px) 100vw, 1000px\" \/>\t\t\t\t\t\t\t\t\t\t\t<\/div>\n\t\t\t\t<\/div>\n\t\t\t\t<\/div>\n\t\t\t\t\t\t<\/div>\n\t\t\t\t\t<\/div>\n\t\t<\/div>\n\t\t\t\t\t\t\t\t<\/div>\n\t\t\t\t\t<\/div>\n\t\t<\/section>\n\t\t\t\t\t\t<\/div>\n\t\t\t\t\t\t<\/div>\n\t\t\t\t\t<\/div>\n\t\t\n","protected":false},"excerpt":{"rendered":"","protected":false},"author":7,"featured_media":0,"parent":0,"menu_order":0,"comment_status":"closed","ping_status":"closed","template":"elementor_header_footer","meta":[],"aioseo_notices":[],"_links":{"self":[{"href":"https:\/\/institutbuhara.de\/index.php?rest_route=\/wp\/v2\/pages\/1954"}],"collection":[{"href":"https:\/\/institutbuhara.de\/index.php?rest_route=\/wp\/v2\/pages"}],"about":[{"href":"https:\/\/institutbuhara.de\/index.php?rest_route=\/wp\/v2\/types\/page"}],"author":[{"embeddable":true,"href":"https:\/\/institutbuhara.de\/index.php?rest_route=\/wp\/v2\/users\/7"}],"replies":[{"embeddable":true,"href":"https:\/\/institutbuhara.de\/index.php?rest_route=%2Fwp%2Fv2%2Fcomments&post=1954"}],"version-history":[{"count":2,"href":"https:\/\/institutbuhara.de\/index.php?rest_route=\/wp\/v2\/pages\/1954\/revisions"}],"predecessor-version":[{"id":2003,"href":"https:\/\/institutbuhara.de\/index.php?rest_route=\/wp\/v2\/pages\/1954\/revisions\/2003"}],"wp:attachment":[{"href":"https:\/\/institutbuhara.de\/index.php?rest_route=%2Fwp%2Fv2%2Fmedia&parent=1954"}],"curies":[{"name":"wp","href":"https:\/\/api.w.org\/{rel}","templated":true}]}}