{"id":1944,"date":"2020-09-20T05:59:12","date_gmt":"2020-09-20T03:59:12","guid":{"rendered":"http:\/\/institutbuhara.com\/?page_id=1944"},"modified":"2020-09-20T05:59:30","modified_gmt":"2020-09-20T03:59:30","slug":"anasayfa","status":"publish","type":"page","link":"https:\/\/institutbuhara.de\/","title":{"rendered":"Anasayfa"},"content":{"rendered":"\t\t<div data-elementor-type=\"wp-page\" data-elementor-id=\"1944\" class=\"elementor elementor-1944\" data-elementor-settings=\"[]\">\n\t\t\t\t\t\t<div class=\"elementor-inner\">\n\t\t\t\t\t\t\t<div class=\"elementor-section-wrap\">\n\t\t\t\t\t\t\t<section class=\"elementor-section elementor-top-section elementor-element elementor-element-f5c75c7 elementor-section-full_width elementor-section-height-default elementor-section-height-default\" data-id=\"f5c75c7\" data-element_type=\"section\">\n\t\t\t\t\t\t<div class=\"elementor-container elementor-column-gap-no\">\n\t\t\t\t\t\t\t<div class=\"elementor-row\">\n\t\t\t\t\t<div class=\"elementor-column elementor-col-100 elementor-top-column elementor-element elementor-element-2f7c547f\" data-id=\"2f7c547f\" data-element_type=\"column\">\n\t\t\t<div class=\"elementor-column-wrap elementor-element-populated\">\n\t\t\t\t\t\t\t<div class=\"elementor-widget-wrap\">\n\t\t\t\t\t\t<div class=\"elementor-element elementor-element-3db4201c elementor-widget elementor-widget-shortcode\" data-id=\"3db4201c\" data-element_type=\"widget\" data-widget_type=\"shortcode.default\">\n\t\t\t\t<div class=\"elementor-widget-container\">\n\t\t\t\t\t<div class=\"elementor-shortcode\">\t\t<div data-elementor-type=\"page\" data-elementor-id=\"1757\" class=\"elementor elementor-1757\" data-elementor-settings=\"[]\">\n\t\t\t\t\t\t<div class=\"elementor-inner\">\n\t\t\t\t\t\t\t<div class=\"elementor-section-wrap\">\n\t\t\t\t\t\t\t<section class=\"elementor-section elementor-top-section elementor-element elementor-element-8eaac32 elementor-section-full_width elementor-section-stretched elementor-section-height-default elementor-section-height-default\" data-id=\"8eaac32\" data-element_type=\"section\" data-settings=\"{&quot;stretch_section&quot;:&quot;section-stretched&quot;}\">\n\t\t\t\t\t\t<div class=\"elementor-container elementor-column-gap-no\">\n\t\t\t\t\t\t\t<div class=\"elementor-row\">\n\t\t\t\t\t<div class=\"elementor-column elementor-col-100 elementor-top-column elementor-element elementor-element-2ed5f83\" data-id=\"2ed5f83\" data-element_type=\"column\">\n\t\t\t<div class=\"elementor-column-wrap elementor-element-populated\">\n\t\t\t\t\t\t\t<div class=\"elementor-widget-wrap\">\n\t\t\t\t\t\t<div class=\"elementor-element elementor-element-7187b39 elementor-widget elementor-widget-text-editor\" data-id=\"7187b39\" data-element_type=\"widget\" data-widget_type=\"text-editor.default\">\n\t\t\t\t<div class=\"elementor-widget-container\">\n\t\t\t\t\t<div class=\"elementor-text-editor elementor-clearfix\"><div class=\"n2_ss_slider_publish__option_code\" dir=\"ltr\" data-mode=\"id\"><\/div><\/div>\n\t\t\t\t<\/div>\n\t\t\t\t<\/div>\n\t\t\t\t\t\t<\/div>\n\t\t\t\t\t<\/div>\n\t\t<\/div>\n\t\t\t\t\t\t\t\t<\/div>\n\t\t\t\t\t<\/div>\n\t\t<\/section>\n\t\t\t\t<section class=\"elementor-section elementor-top-section elementor-element elementor-element-45ed4f1b elementor-section-height-min-height elementor-section-content-middle elementor-section-boxed elementor-section-height-default elementor-section-items-middle\" data-id=\"45ed4f1b\" data-element_type=\"section\" data-settings=\"{&quot;background_background&quot;:&quot;classic&quot;}\">\n\t\t\t\t\t\t<div class=\"elementor-container elementor-column-gap-default\">\n\t\t\t\t\t\t\t<div class=\"elementor-row\">\n\t\t\t\t\t<div class=\"elementor-column elementor-col-50 elementor-top-column elementor-element elementor-element-4a67dec2\" data-id=\"4a67dec2\" data-element_type=\"column\">\n\t\t\t<div class=\"elementor-column-wrap elementor-element-populated\">\n\t\t\t\t\t\t\t<div class=\"elementor-widget-wrap\">\n\t\t\t\t\t\t<div class=\"elementor-element elementor-element-6825ce7f elementor-widget-divider--view-line elementor-widget elementor-widget-divider\" data-id=\"6825ce7f\" data-element_type=\"widget\" data-widget_type=\"divider.default\">\n\t\t\t\t<div class=\"elementor-widget-container\">\n\t\t\t\t\t<div class=\"elementor-divider\">\n\t\t\t<span class=\"elementor-divider-separator\">\n\t\t\t\t\t\t<\/span>\n\t\t<\/div>\n\t\t\t\t<\/div>\n\t\t\t\t<\/div>\n\t\t\t\t<div class=\"elementor-element elementor-element-2b4bf0b1 elementor-widget elementor-widget-heading\" data-id=\"2b4bf0b1\" data-element_type=\"widget\" data-widget_type=\"heading.default\">\n\t\t\t\t<div class=\"elementor-widget-container\">\n\t\t\t<h3 class=\"elementor-heading-title elementor-size-large\">BERL\u0130N BUHARA ENSTIT\u00dcS\u00dc<\/h3>\t\t<\/div>\n\t\t\t\t<\/div>\n\t\t\t\t<div class=\"elementor-element elementor-element-1f6b6e0a elementor-widget elementor-widget-text-editor\" data-id=\"1f6b6e0a\" data-element_type=\"widget\" data-widget_type=\"text-editor.default\">\n\t\t\t\t<div class=\"elementor-widget-container\">\n\t\t\t\t\t<div class=\"elementor-text-editor elementor-clearfix\"><p>Yer olarak Berlin in Lichtenberg (T\u00fcrkce anlam\u0131: I\u015f\u0131kland\u0131r\u0131lm\u0131\u015f Da\u011f) Semtinde, 5.000 metrekarelik bir arazi \u00fczerinde, 800 metrekare in\u015faat sahas\u0131nda toplam 2.400 metrekare \u00fc\u00e7 katl\u0131 binas\u0131 olan bir yap\u0131d\u0131r. Tarih\u00e7esi Almanyan\u0131n birle\u015fmesi ile bat\u0131ya dahil olmu\u015f olan eski Do\u011fu Almanya s\u0131n\u0131rlar\u0131 i\u00e7erisinde olup, Rus Askeriyesine ba\u011fl\u0131 olarak i\u015fletilmi\u015ftir.<\/p><p>Sonradan Alman Demir Yollar\u0131 \u0130\u015fletmesi taraf\u0131ndan kullan\u0131lmaya ba\u015flanm\u0131\u015f olup, bu sekt\u00f6r\u00fcnde devlet taraf\u0131ndan \u00f6zelle\u015ftirilmesi \u00fczerine bina terk edilmi\u015ftir. Uzun y\u0131llar bo\u015f durduktan sonra bizlerin i\u015fletmesine ge\u00e7mi\u015ftir.<\/p><\/div>\n\t\t\t\t<\/div>\n\t\t\t\t<\/div>\n\t\t\t\t<div class=\"elementor-element elementor-element-4b04156 elementor-widget elementor-widget-button\" data-id=\"4b04156\" data-element_type=\"widget\" data-widget_type=\"button.default\">\n\t\t\t\t<div class=\"elementor-widget-container\">\n\t\t\t\t\t<div class=\"elementor-button-wrapper\">\n\t\t\t<a href=\"https:\/\/institutbuhara.de\/?page_id=1227\" class=\"elementor-button-link elementor-button elementor-size-sm\" role=\"button\">\n\t\t\t\t\t\t<span class=\"elementor-button-content-wrapper\">\n\t\t\t\t\t\t<span class=\"elementor-button-text\">Daha fazla bilgi<\/span>\n\t\t<\/span>\n\t\t\t\t\t<\/a>\n\t\t<\/div>\n\t\t\t\t<\/div>\n\t\t\t\t<\/div>\n\t\t\t\t\t\t<\/div>\n\t\t\t\t\t<\/div>\n\t\t<\/div>\n\t\t\t\t<div class=\"elementor-column elementor-col-50 elementor-top-column elementor-element elementor-element-639c7966\" data-id=\"639c7966\" data-element_type=\"column\">\n\t\t\t<div class=\"elementor-column-wrap elementor-element-populated\">\n\t\t\t\t\t\t\t<div class=\"elementor-widget-wrap\">\n\t\t\t\t\t\t<div class=\"elementor-element elementor-element-e991f63 elementor-widget elementor-widget-image\" data-id=\"e991f63\" data-element_type=\"widget\" data-widget_type=\"image.default\">\n\t\t\t\t<div class=\"elementor-widget-container\">\n\t\t\t\t\t<div class=\"elementor-image\">\n\t\t\t\t\t\t\t\t\t\t<img width=\"1000\" height=\"1400\" src=\"https:\/\/institutbuhara.de\/wp-content\/uploads\/2019\/05\/homeresim.jpg\" class=\"attachment-full size-full\" alt=\"\" decoding=\"async\" loading=\"lazy\" srcset=\"https:\/\/institutbuhara.de\/wp-content\/uploads\/2019\/05\/homeresim.jpg 1000w, https:\/\/institutbuhara.de\/wp-content\/uploads\/2019\/05\/homeresim-214x300.jpg 214w, https:\/\/institutbuhara.de\/wp-content\/uploads\/2019\/05\/homeresim-768x1075.jpg 768w, https:\/\/institutbuhara.de\/wp-content\/uploads\/2019\/05\/homeresim-731x1024.jpg 731w, https:\/\/institutbuhara.de\/wp-content\/uploads\/2019\/05\/homeresim-200x280.jpg 200w, https:\/\/institutbuhara.de\/wp-content\/uploads\/2019\/05\/homeresim-400x560.jpg 400w, https:\/\/institutbuhara.de\/wp-content\/uploads\/2019\/05\/homeresim-600x840.jpg 600w, https:\/\/institutbuhara.de\/wp-content\/uploads\/2019\/05\/homeresim-800x1120.jpg 800w\" sizes=\"(max-width: 1000px) 100vw, 1000px\" \/>\t\t\t\t\t\t\t\t\t\t\t<\/div>\n\t\t\t\t<\/div>\n\t\t\t\t<\/div>\n\t\t\t\t\t\t<\/div>\n\t\t\t\t\t<\/div>\n\t\t<\/div>\n\t\t\t\t\t\t\t\t<\/div>\n\t\t\t\t\t<\/div>\n\t\t<\/section>\n\t\t\t\t\t\t<\/div>\n\t\t\t\t\t\t<\/div>\n\t\t\t\t\t<\/div>\n\t\t<\/div>\n\t\t\t\t<\/div>\n\t\t\t\t<\/div>\n\t\t\t\t\t\t<\/div>\n\t\t\t\t\t<\/div>\n\t\t<\/div>\n\t\t\t\t\t\t\t\t<\/div>\n\t\t\t\t\t<\/div>\n\t\t<\/section>\n\t\t\t\t\t\t<\/div>\n\t\t\t\t\t\t<\/div>\n\t\t\t\t\t<\/div>\n\t\t","protected":false},"excerpt":{"rendered":"","protected":false},"author":7,"featured_media":0,"parent":0,"menu_order":0,"comment_status":"closed","ping_status":"closed","template":"","meta":[],"aioseo_notices":[],"_links":{"self":[{"href":"https:\/\/institutbuhara.de\/index.php?rest_route=\/wp\/v2\/pages\/1944"}],"collection":[{"href":"https:\/\/institutbuhara.de\/index.php?rest_route=\/wp\/v2\/pages"}],"about":[{"href":"https:\/\/institutbuhara.de\/index.php?rest_route=\/wp\/v2\/types\/page"}],"author":[{"embeddable":true,"href":"https:\/\/institutbuhara.de\/index.php?rest_route=\/wp\/v2\/users\/7"}],"replies":[{"embeddable":true,"href":"https:\/\/institutbuhara.de\/index.php?rest_route=%2Fwp%2Fv2%2Fcomments&post=1944"}],"version-history":[{"count":2,"href":"https:\/\/institutbuhara.de\/index.php?rest_route=\/wp\/v2\/pages\/1944\/revisions"}],"predecessor-version":[{"id":1946,"href":"https:\/\/institutbuhara.de\/index.php?rest_route=\/wp\/v2\/pages\/1944\/revisions\/1946"}],"wp:attachment":[{"href":"https:\/\/institutbuhara.de\/index.php?rest_route=%2Fwp%2Fv2%2Fmedia&parent=1944"}],"curies":[{"name":"wp","href":"https:\/\/api.w.org\/{rel}","templated":true}]}}