{"id":1350,"date":"2020-02-27T00:59:28","date_gmt":"2020-02-27T00:59:28","guid":{"rendered":"http:\/\/institutbuhara.com\/?page_id=1350"},"modified":"2022-12-30T15:58:46","modified_gmt":"2022-12-30T13:58:46","slug":"rahmenplan","status":"publish","type":"page","link":"https:\/\/institutbuhara.de\/?page_id=1350&lang=de","title":{"rendered":"Rahmenplan"},"content":{"rendered":"\t\t<div data-elementor-type=\"wp-page\" data-elementor-id=\"1350\" class=\"elementor elementor-1350\" data-elementor-settings=\"[]\">\n\t\t\t\t\t\t<div class=\"elementor-inner\">\n\t\t\t\t\t\t\t<div class=\"elementor-section-wrap\">\n\t\t\t\t\t\t\t<section class=\"elementor-section elementor-top-section elementor-element elementor-element-40e3ebe7 elementor-section-full_width elementor-section-height-default elementor-section-height-default\" data-id=\"40e3ebe7\" data-element_type=\"section\">\n\t\t\t\t\t\t<div class=\"elementor-container elementor-column-gap-no\">\n\t\t\t\t\t\t\t<div class=\"elementor-row\">\n\t\t\t\t\t<div class=\"elementor-column elementor-col-100 elementor-top-column elementor-element elementor-element-7ffa7627\" data-id=\"7ffa7627\" data-element_type=\"column\">\n\t\t\t<div class=\"elementor-column-wrap elementor-element-populated\">\n\t\t\t\t\t\t\t<div class=\"elementor-widget-wrap\">\n\t\t\t\t\t\t<div class=\"elementor-element elementor-element-c005500 elementor-widget elementor-widget-shortcode\" data-id=\"c005500\" data-element_type=\"widget\" data-widget_type=\"shortcode.default\">\n\t\t\t\t<div class=\"elementor-widget-container\">\n\t\t\t\t\t<div class=\"elementor-shortcode\">\t\t<div data-elementor-type=\"page\" data-elementor-id=\"1679\" class=\"elementor elementor-1679\" data-elementor-settings=\"[]\">\n\t\t\t\t\t\t<div class=\"elementor-inner\">\n\t\t\t\t\t\t\t<div class=\"elementor-section-wrap\">\n\t\t\t\t\t\t\t<section class=\"elementor-section elementor-top-section elementor-element elementor-element-6a2204d6 elementor-section-height-min-height elementor-section-boxed elementor-section-height-default elementor-section-items-middle\" data-id=\"6a2204d6\" data-element_type=\"section\" data-settings=\"{&quot;background_background&quot;:&quot;gradient&quot;,&quot;shape_divider_bottom&quot;:&quot;waves&quot;}\">\n\t\t\t\t\t\t\t<div class=\"elementor-background-overlay\"><\/div>\n\t\t\t\t\t\t<div class=\"elementor-shape elementor-shape-bottom\" data-negative=\"false\">\n\t\t\t<svg xmlns=\"http:\/\/www.w3.org\/2000\/svg\" viewBox=\"0 0 1000 100\" preserveAspectRatio=\"none\">\n\t<path class=\"elementor-shape-fill\" d=\"M421.9,6.5c22.6-2.5,51.5,0.4,75.5,5.3c23.6,4.9,70.9,23.5,100.5,35.7c75.8,32.2,133.7,44.5,192.6,49.7\n\tc23.6,2.1,48.7,3.5,103.4-2.5c54.7-6,106.2-25.6,106.2-25.6V0H0v30.3c0,0,72,32.6,158.4,30.5c39.2-0.7,92.8-6.7,134-22.4\n\tc21.2-8.1,52.2-18.2,79.7-24.2C399.3,7.9,411.6,7.5,421.9,6.5z\"\/>\n<\/svg>\t\t<\/div>\n\t\t\t\t\t<div class=\"elementor-container elementor-column-gap-default\">\n\t\t\t\t\t\t\t<div class=\"elementor-row\">\n\t\t\t\t\t<div class=\"elementor-column elementor-col-100 elementor-top-column elementor-element elementor-element-40863563\" data-id=\"40863563\" data-element_type=\"column\">\n\t\t\t<div class=\"elementor-column-wrap elementor-element-populated\">\n\t\t\t\t\t\t\t<div class=\"elementor-widget-wrap\">\n\t\t\t\t\t\t<div class=\"elementor-element elementor-element-340bb657 elementor-widget elementor-widget-heading\" data-id=\"340bb657\" data-element_type=\"widget\" data-widget_type=\"heading.default\">\n\t\t\t\t<div class=\"elementor-widget-container\">\n\t\t\t<h1 class=\"elementor-heading-title elementor-size-default\">Rahmenplan<\/h1>\t\t<\/div>\n\t\t\t\t<\/div>\n\t\t\t\t<div class=\"elementor-element elementor-element-4ad86148 elementor-widget elementor-widget-heading\" data-id=\"4ad86148\" data-element_type=\"widget\" data-widget_type=\"heading.default\">\n\t\t\t\t<div class=\"elementor-widget-container\">\n\t\t\t<h3 class=\"elementor-heading-title elementor-size-default\">Wir helfen Ihnen gerne weiter<\/h3>\t\t<\/div>\n\t\t\t\t<\/div>\n\t\t\t\t\t\t<\/div>\n\t\t\t\t\t<\/div>\n\t\t<\/div>\n\t\t\t\t\t\t\t\t<\/div>\n\t\t\t\t\t<\/div>\n\t\t<\/section>\n\t\t\t\t<section class=\"elementor-section elementor-top-section elementor-element elementor-element-4cece6eb elementor-section-height-min-height elementor-section-content-middle elementor-section-boxed elementor-section-height-default elementor-section-items-middle\" data-id=\"4cece6eb\" data-element_type=\"section\" data-settings=\"{&quot;background_background&quot;:&quot;classic&quot;}\">\n\t\t\t\t\t\t<div class=\"elementor-container elementor-column-gap-default\">\n\t\t\t\t\t\t\t<div class=\"elementor-row\">\n\t\t\t\t\t<div class=\"elementor-column elementor-col-100 elementor-top-column elementor-element elementor-element-2395d11d\" data-id=\"2395d11d\" data-element_type=\"column\">\n\t\t\t<div class=\"elementor-column-wrap elementor-element-populated\">\n\t\t\t\t\t\t\t<div class=\"elementor-widget-wrap\">\n\t\t\t\t\t\t<div class=\"elementor-element elementor-element-5f7b3635 elementor-widget-divider--view-line elementor-widget elementor-widget-divider\" data-id=\"5f7b3635\" data-element_type=\"widget\" data-widget_type=\"divider.default\">\n\t\t\t\t<div class=\"elementor-widget-container\">\n\t\t\t\t\t<div class=\"elementor-divider\">\n\t\t\t<span class=\"elementor-divider-separator\">\n\t\t\t\t\t\t<\/span>\n\t\t<\/div>\n\t\t\t\t<\/div>\n\t\t\t\t<\/div>\n\t\t\t\t<div class=\"elementor-element elementor-element-362dd2d8 elementor-widget elementor-widget-heading\" data-id=\"362dd2d8\" data-element_type=\"widget\" data-widget_type=\"heading.default\">\n\t\t\t\t<div class=\"elementor-widget-container\">\n\t\t\t<h3 class=\"elementor-heading-title elementor-size-large\">Rahmenplan<\/h3>\t\t<\/div>\n\t\t\t\t<\/div>\n\t\t\t\t<div class=\"elementor-element elementor-element-10fe61a6 elementor-widget elementor-widget-text-editor\" data-id=\"10fe61a6\" data-element_type=\"widget\" data-widget_type=\"text-editor.default\">\n\t\t\t\t<div class=\"elementor-widget-container\">\n\t\t\t\t\t<div class=\"elementor-text-editor elementor-clearfix\"><p>Die schulische Ausbildung zum Imam\/Theologe dauert 4 Jahre und wird nach einem, von uns erstellten Lehrplan geregelt. Nach dem Hauptstudium kann der Sch\u00fcler einen, dem Bachelor vergleichbaren Abschluss und\/oder dem Master vergleichbaren Abschluss, erwerben.<\/p><p>Der von unseren Lehrern gef\u00fchrte Unterricht bel\u00e4uft sich auf 25-35 Wochenstunden an f\u00fcnfeinhalb Unterrichtstagen pro Woche. Der Unterricht wird auf die Vormittags- und Nachmittagsstunden verteilt. Den Sch\u00fclern soll dar\u00fcber hinaus gen\u00fcgend Zeit zur Verf\u00fcgung stehen, um den t\u00e4glich erarbeiteten Stoff in kleinen Gruppen verarbeiten und vertiefen zu k\u00f6nnen. Diese Kleingruppen werden teils von unserem Stammpersonal und teils von ehrenamtlichen Helfern betreut.<\/p><p>Der Fokus der Ausbildung zum Imam\/Theologe richtet sich nat\u00fcrlich auf die verschiedenen Themenbereiche der Islamwissenschaften. Zu den F\u00e4chern geh\u00f6ren Grammatik, Glaubenslehre, Tasavvuf, Koranwissenschaft, Hadith Wissenschaft, Bedeutungslehre und Stilistik, Diskussion, Vergleich der vier Rechtsschulen, Logik, Rechtswissenschaft und Koraninterpretation. Dar\u00fcber hinaus sollen den zuk\u00fcnftigen Geistlichen aber auch Kenntnisse in Gesellschaftskunde, sowie der deutschen Sprache (bzw. wenn m\u00f6glich, der jeweiligen Landessprache) vermittelt werden. Der Herkunft und dem sp\u00e4teren T\u00e4tigkeitsgebiet der k\u00fcnftigen Imame\/Theologen wird somit Rechnung getragen.<\/p><p>Unsere Absicht ist es, \u201emoderne\u201c Geistliche zu produzieren, die den Anforderungen des 21. Jahrhunderts gewachsen sind, die Sprache des Landes, in dem sie t\u00e4tig sind, beherrschen, und so auch mit den Beh\u00f6rden und den nicht t\u00fcrkisch- bzw. arabisch sprachigen Muslimen und Nichtmuslimen kommunizieren k\u00f6nnen.<\/p><p>Auch in den unterrichtsfreien Zeiten, die die Sch\u00fcler im Internat verbringen, ist f\u00fcr gen\u00fcgend Freizeitgestaltungsm\u00f6glichkeiten gesorgt. Sowohl im Innenbereich unserer Schule als auch im Au\u00dfenbereich gibt es f\u00fcr jeden Sch\u00fclergeschmack etwas Passendes. F\u00fcr Leseratten haben wir eine Bibliothek eingerichtet, f\u00fcr Sch\u00fcler mit Bewegungsdrang wurde eine neue Sportanlage erstellt und zwei Freizeitr\u00e4ume mit der M\u00f6glichkeit zu Kicker, Darts, Tischtennis, Brettspielen oder einfach nur geselligem Beisammensein gibt es ebenfalls. Ferner wollen wir jedes Jahr einen einw\u00f6chigen Schulausflug organisieren, der zu islamrelevanten Pl\u00e4tzen f\u00fchren soll.<\/p><p>F\u00fcr die Wochenenden werden wir ein Ausflugsprogramm zusammenstellen, das den Sch\u00fclern Kultur, Sehensw\u00fcrdigkeiten und das Umland von Berlin n\u00e4herbringen soll.<\/p><\/div>\n\t\t\t\t<\/div>\n\t\t\t\t<\/div>\n\t\t\t\t\t\t<\/div>\n\t\t\t\t\t<\/div>\n\t\t<\/div>\n\t\t\t\t\t\t\t\t<\/div>\n\t\t\t\t\t<\/div>\n\t\t<\/section>\n\t\t\t\t<section class=\"elementor-section elementor-top-section elementor-element elementor-element-39aac23 elementor-section-boxed elementor-section-height-default elementor-section-height-default\" data-id=\"39aac23\" data-element_type=\"section\">\n\t\t\t\t\t\t<div class=\"elementor-container elementor-column-gap-default\">\n\t\t\t\t\t\t\t<div class=\"elementor-row\">\n\t\t\t\t\t<div class=\"elementor-column elementor-col-100 elementor-top-column elementor-element elementor-element-d724476\" data-id=\"d724476\" data-element_type=\"column\">\n\t\t\t<div class=\"elementor-column-wrap elementor-element-populated\">\n\t\t\t\t\t\t\t<div class=\"elementor-widget-wrap\">\n\t\t\t\t\t\t<div class=\"elementor-element elementor-element-826da22 elementor-widget elementor-widget-spacer\" data-id=\"826da22\" data-element_type=\"widget\" data-widget_type=\"spacer.default\">\n\t\t\t\t<div class=\"elementor-widget-container\">\n\t\t\t\t\t<div class=\"elementor-spacer\">\n\t\t\t<div class=\"elementor-spacer-inner\"><\/div>\n\t\t<\/div>\n\t\t\t\t<\/div>\n\t\t\t\t<\/div>\n\t\t\t\t\t\t<\/div>\n\t\t\t\t\t<\/div>\n\t\t<\/div>\n\t\t\t\t\t\t\t\t<\/div>\n\t\t\t\t\t<\/div>\n\t\t<\/section>\n\t\t\t\t<section class=\"elementor-section elementor-top-section elementor-element elementor-element-4d3a3aa2 elementor-section-boxed elementor-section-height-default elementor-section-height-default\" data-id=\"4d3a3aa2\" data-element_type=\"section\" data-settings=\"{&quot;background_background&quot;:&quot;gradient&quot;,&quot;shape_divider_top&quot;:&quot;waves&quot;}\">\n\t\t\t\t\t\t\t<div class=\"elementor-background-overlay\"><\/div>\n\t\t\t\t\t\t<div class=\"elementor-shape elementor-shape-top\" data-negative=\"false\">\n\t\t\t<svg xmlns=\"http:\/\/www.w3.org\/2000\/svg\" viewBox=\"0 0 1000 100\" preserveAspectRatio=\"none\">\n\t<path class=\"elementor-shape-fill\" d=\"M421.9,6.5c22.6-2.5,51.5,0.4,75.5,5.3c23.6,4.9,70.9,23.5,100.5,35.7c75.8,32.2,133.7,44.5,192.6,49.7\n\tc23.6,2.1,48.7,3.5,103.4-2.5c54.7-6,106.2-25.6,106.2-25.6V0H0v30.3c0,0,72,32.6,158.4,30.5c39.2-0.7,92.8-6.7,134-22.4\n\tc21.2-8.1,52.2-18.2,79.7-24.2C399.3,7.9,411.6,7.5,421.9,6.5z\"\/>\n<\/svg>\t\t<\/div>\n\t\t\t\t\t<div class=\"elementor-container elementor-column-gap-default\">\n\t\t\t\t\t\t\t<div class=\"elementor-row\">\n\t\t\t\t\t<div class=\"elementor-column elementor-col-50 elementor-top-column elementor-element elementor-element-1ea7f112\" data-id=\"1ea7f112\" data-element_type=\"column\">\n\t\t\t<div class=\"elementor-column-wrap elementor-element-populated\">\n\t\t\t\t\t\t\t<div class=\"elementor-widget-wrap\">\n\t\t\t\t\t\t<div class=\"elementor-element elementor-element-6f8d9b5 elementor-widget elementor-widget-heading\" data-id=\"6f8d9b5\" data-element_type=\"widget\" data-widget_type=\"heading.default\">\n\t\t\t\t<div class=\"elementor-widget-container\">\n\t\t\t<h4 class=\"elementor-heading-title elementor-size-default\">M\u00f6chten Sie mehr \u00fcber unsere Dienstleistungen erfahren?<\/h4>\t\t<\/div>\n\t\t\t\t<\/div>\n\t\t\t\t<div class=\"elementor-element elementor-element-5b654668 elementor-widget elementor-widget-heading\" data-id=\"5b654668\" data-element_type=\"widget\" data-widget_type=\"heading.default\">\n\t\t\t\t<div class=\"elementor-widget-container\">\n\t\t\t<h2 class=\"elementor-heading-title elementor-size-default\">Lassen Sie uns reden.<\/h2>\t\t<\/div>\n\t\t\t\t<\/div>\n\t\t\t\t\t\t<\/div>\n\t\t\t\t\t<\/div>\n\t\t<\/div>\n\t\t\t\t<div class=\"elementor-column elementor-col-50 elementor-top-column elementor-element elementor-element-4aa06190\" data-id=\"4aa06190\" data-element_type=\"column\">\n\t\t\t<div class=\"elementor-column-wrap elementor-element-populated\">\n\t\t\t\t\t\t\t<div class=\"elementor-widget-wrap\">\n\t\t\t\t\t\t<div class=\"elementor-element elementor-element-5aefd84a elementor-widget elementor-widget-image\" data-id=\"5aefd84a\" data-element_type=\"widget\" data-settings=\"{&quot;motion_fx_motion_fx_scrolling&quot;:&quot;yes&quot;,&quot;motion_fx_translateY_effect&quot;:&quot;yes&quot;,&quot;motion_fx_translateY_direction&quot;:&quot;negative&quot;,&quot;motion_fx_translateY_speed&quot;:{&quot;unit&quot;:&quot;px&quot;,&quot;size&quot;:&quot;1&quot;,&quot;sizes&quot;:[]},&quot;motion_fx_devices&quot;:[&quot;desktop&quot;,&quot;tablet&quot;],&quot;motion_fx_translateY_affectedRange&quot;:{&quot;unit&quot;:&quot;%&quot;,&quot;size&quot;:&quot;&quot;,&quot;sizes&quot;:{&quot;start&quot;:&quot;0&quot;,&quot;end&quot;:&quot;50&quot;}}}\" data-widget_type=\"image.default\">\n\t\t\t\t<div class=\"elementor-widget-container\">\n\t\t\t\t\t<div class=\"elementor-image\">\n\t\t\t\t\t\t\t\t\t\t<img width=\"1920\" height=\"1279\" src=\"https:\/\/institutbuhara.de\/wp-content\/uploads\/2020\/08\/phone-869669_1920.jpg\" class=\"attachment-full size-full\" alt=\"\" decoding=\"async\" loading=\"lazy\" srcset=\"https:\/\/institutbuhara.de\/wp-content\/uploads\/2020\/08\/phone-869669_1920.jpg 1920w, https:\/\/institutbuhara.de\/wp-content\/uploads\/2020\/08\/phone-869669_1920-300x200.jpg 300w, https:\/\/institutbuhara.de\/wp-content\/uploads\/2020\/08\/phone-869669_1920-1024x682.jpg 1024w, https:\/\/institutbuhara.de\/wp-content\/uploads\/2020\/08\/phone-869669_1920-768x512.jpg 768w, https:\/\/institutbuhara.de\/wp-content\/uploads\/2020\/08\/phone-869669_1920-1536x1023.jpg 1536w\" sizes=\"(max-width: 1920px) 100vw, 1920px\" \/>\t\t\t\t\t\t\t\t\t\t\t<\/div>\n\t\t\t\t<\/div>\n\t\t\t\t<\/div>\n\t\t\t\t\t\t<\/div>\n\t\t\t\t\t<\/div>\n\t\t<\/div>\n\t\t\t\t\t\t\t\t<\/div>\n\t\t\t\t\t<\/div>\n\t\t<\/section>\n\t\t\t\t\t\t<\/div>\n\t\t\t\t\t\t<\/div>\n\t\t\t\t\t<\/div>\n\t\t<\/div>\n\t\t\t\t<\/div>\n\t\t\t\t<\/div>\n\t\t\t\t\t\t<\/div>\n\t\t\t\t\t<\/div>\n\t\t<\/div>\n\t\t\t\t\t\t\t\t<\/div>\n\t\t\t\t\t<\/div>\n\t\t<\/section>\n\t\t\t\t\t\t<\/div>\n\t\t\t\t\t\t<\/div>\n\t\t\t\t\t<\/div>\n\t\t","protected":false},"excerpt":{"rendered":"","protected":false},"author":7,"featured_media":0,"parent":0,"menu_order":0,"comment_status":"closed","ping_status":"closed","template":"","meta":[],"aioseo_notices":[],"_links":{"self":[{"href":"https:\/\/institutbuhara.de\/index.php?rest_route=\/wp\/v2\/pages\/1350"}],"collection":[{"href":"https:\/\/institutbuhara.de\/index.php?rest_route=\/wp\/v2\/pages"}],"about":[{"href":"https:\/\/institutbuhara.de\/index.php?rest_route=\/wp\/v2\/types\/page"}],"author":[{"embeddable":true,"href":"https:\/\/institutbuhara.de\/index.php?rest_route=\/wp\/v2\/users\/7"}],"replies":[{"embeddable":true,"href":"https:\/\/institutbuhara.de\/index.php?rest_route=%2Fwp%2Fv2%2Fcomments&post=1350"}],"version-history":[{"count":4,"href":"https:\/\/institutbuhara.de\/index.php?rest_route=\/wp\/v2\/pages\/1350\/revisions"}],"predecessor-version":[{"id":2274,"href":"https:\/\/institutbuhara.de\/index.php?rest_route=\/wp\/v2\/pages\/1350\/revisions\/2274"}],"wp:attachment":[{"href":"https:\/\/institutbuhara.de\/index.php?rest_route=%2Fwp%2Fv2%2Fmedia&parent=1350"}],"curies":[{"name":"wp","href":"https:\/\/api.w.org\/{rel}","templated":true}]}}